{"id":850,"date":"2017-10-03T22:48:41","date_gmt":"2017-10-03T22:48:41","guid":{"rendered":"https:\/\/music-school.no\/?page_id=850"},"modified":"2025-08-20T11:53:02","modified_gmt":"2025-08-20T11:53:02","slug":"prices","status":"publish","type":"page","link":"https:\/\/music-school.no\/no\/prices\/","title":{"rendered":"Priser"},"content":{"rendered":"<div class=\"wpb-content-wrapper\"><p><\/p>\n<p style=\"text-align: center;\">[vc_row][vc_column][vc_column_text]<\/p>\n<h1 class=\"sc_item_title\" style=\"text-align: center;\">Priser<\/h1>\n<p style=\"text-align: center;\"><strong>Privatundervising (piano, barnehage piano, gitar, fiolin, vokal, fl\u00f8yte, ukulele, obo)<\/strong><\/p>\n<p style=\"text-align: center;\"><span style=\"color: #ff0000;\">NEW!<\/span> Barnehage Piano (Age 4-6, Bare p\u00e5 l\u00f8rdager) 20 minutes privatundervisning en gang per uke 3400, -per semester*).<\/p>\n<p style=\"text-align: center;\">30 minutter privatundervisning en gang per uke 5950, -per semester (ca. 350 kr per time*).<\/p>\n<p style=\"text-align: center;\">45 minutter privatundervisning en gang per uke 8160, -per semester (ca. 480 kr per time*).<\/p>\n<p style=\"text-align: center;\">30 minutter privatundervisning to ganger per uke 10540, -per semester (ca. 310 kr per time*).<\/p>\n<p style=\"text-align: center;\"><strong>Gruppeundervising\u00a0<\/strong><\/p>\n<p style=\"text-align: center;\"><strong>Babysang<\/strong> 40 min gruppeundervisning en gang per uke 2640,-per semester (ca.176 kr per time*).<\/p>\n<p style=\"text-align: center;\"><strong>\u00a0 Musikkteater<\/strong>\u00a01 time gruppeundervisning en gang per uke 3440,-per semester (ca. 215 kr per time*).<\/p>\n<p style=\"text-align: center;\"><strong>\u00a0 \u00a0 \u00a0Musical<\/strong> 1 time gruppeundervisning en gang per uke 3440,-per semester (ca. 215 kr per time*).<\/p>\n<p style=\"text-align: center;\"><em><span class=\"tlid-translation translation\" lang=\"no\"><span class=\"\" title=\"\">* Prisene p\u00e5 en time i semesterplan betaling er kun for referanse<\/span><\/span><\/em><\/p>\n<p style=\"text-align: center;\"><strong>\u00a0 Drop-in<\/strong><\/p>\n<p style=\"text-align: center;\">Hvis du vil ha <strong>drop-in<\/strong> privatundervisning (piano, barnehage piano, gitar, ukulele.violin, vokal, fl\u00f8yte, obo):<\/p>\n<p style=\"text-align: center;\">30 minutter privatundervisning 490 NOK<br \/>\n45 minutter privatundervisning 665 NOK<br \/>\n<strong>Drop-in<\/strong> timer i Baby Singing, Musikkteater, Musical grupper ikke tilgjengelige. Vennligst fortsett semesterregistrering.<\/p>\n<p style=\"text-align: center;\">Vi f\u00f8lger<a href=\"https:\/\/music-school.no\/no\/calendar\/\"> skolerute<\/a>.<\/p>\n<p style=\"text-align: center;\"><span style=\"color: #ff0000;\"><strong>Rabatter<\/strong><\/span><\/p>\n<p style=\"text-align: center;\">Vi tilbyr rabatt for s\u00f8sken:<\/p>\n<p style=\"text-align: center;\">Det andre barnet (student) -5 %<\/p>\n<p style=\"text-align: center;\">Det tredje barnet (student) -10 %<\/p>\n<p style=\"text-align: center;\">Det fjerde barnet (student) -15 %<\/p>\n<p style=\"text-align: center;\"><strong>Betaling<\/strong><\/p>\n<p style=\"text-align: center;\">Dere f\u00e5r en faktura for betaling av semesteravgift.<\/p>\n<p style=\"text-align: center;\">Vi har en praktisk betalingssystem som gj\u00f8r det mulig \u00e5 utf\u00f8re to betalinger per semester; totalt fire betalinger for et \u00e5r.<\/p>\n<p style=\"text-align: center;\">V\u00e5r betalingssystem kan v\u00e6re kvartalsvis eller per semester.<\/p>\n<p style=\"text-align: center;\">Semesteravgift vil bli sendt til dere i begynnelsen og\/eller i midten av semesteret.<\/p>\n<p style=\"text-align: center;\">Prisene p\u00e5 en leksjon er kun til referanse. Betalingen for individuelle timer (piano, barnehage piano, gitar, vokal, fiolin, fl\u00f8yte, obo og etc.) er laget for hele eller halvdel av semesteret. Betalingen for gruppetimer\u00a0 er laget for et semester.<\/p>\n<p style=\"text-align: center;\"><strong>Nye studenter<\/strong><\/p>\n<p style=\"text-align: center;\">Vi har l\u00f8pende p\u00e5melding hele \u00e5ret og dere kan begynne n\u00e5r det passer dere. Dere trenger ikke \u00e5 betale for den tiden dere har g\u00e5tt glipp av, det vil bli trukket fra semesteravgiften ved oppstart.<\/p>\n<p style=\"text-align: center;\"><strong>Alt du trenger \u00e5 gj\u00f8re: <\/strong><\/p>\n<p style=\"text-align: center;\"><a href=\"\/no\/bookonline\/\" target=\"_blank\" rel=\"noopener\">Bestill piano gratis pr\u00f8vetime her<\/a> or <a href=\"\/no\/register-class\/\" target=\"_blank\" rel=\"noopener\">Registrer for en klasse<\/a><\/p>\n<p><\/p>\n<\/div>","protected":false},"excerpt":{"rendered":"<p>[vc_row][vc_column][vc_column_text] Priser Privatundervising (piano, barnehage piano, gitar, fiolin, vokal, fl\u00f8yte, ukulele, obo) NEW! Barnehage Piano (Age 4-6, Bare p\u00e5 l\u00f8rdager) 20 minutes privatundervisning en gang per uke 3400, -per semester*). 30 minutter privatundervisning en gang per uke 5950, -per semester (ca. 350 kr per time*). 45 minutter privatundervisning en gang per uke 8160, -per semester [&hellip;]<\/p>\n","protected":false},"author":1,"featured_media":0,"parent":0,"menu_order":5,"comment_status":"closed","ping_status":"closed","template":"","meta":{"footnotes":""},"_links":{"self":[{"href":"https:\/\/music-school.no\/no\/wp-json\/wp\/v2\/pages\/850"}],"collection":[{"href":"https:\/\/music-school.no\/no\/wp-json\/wp\/v2\/pages"}],"about":[{"href":"https:\/\/music-school.no\/no\/wp-json\/wp\/v2\/types\/page"}],"author":[{"embeddable":true,"href":"https:\/\/music-school.no\/no\/wp-json\/wp\/v2\/users\/1"}],"replies":[{"embeddable":true,"href":"https:\/\/music-school.no\/no\/wp-json\/wp\/v2\/comments?post=850"}],"version-history":[{"count":84,"href":"https:\/\/music-school.no\/no\/wp-json\/wp\/v2\/pages\/850\/revisions"}],"predecessor-version":[{"id":2054,"href":"https:\/\/music-school.no\/no\/wp-json\/wp\/v2\/pages\/850\/revisions\/2054"}],"wp:attachment":[{"href":"https:\/\/music-school.no\/no\/wp-json\/wp\/v2\/media?parent=850"}],"curies":[{"name":"wp","href":"https:\/\/api.w.org\/{rel}","templated":true}]}}