{"id":477,"date":"2016-05-10T12:58:28","date_gmt":"2016-05-10T12:58:28","guid":{"rendered":"https:\/\/music-school.no\/?page_id=477"},"modified":"2022-07-18T20:10:44","modified_gmt":"2022-07-18T20:10:44","slug":"home-3","status":"publish","type":"page","link":"https:\/\/music-school.no\/no\/","title":{"rendered":"International Music School of Stavanger"},"content":{"rendered":"<div class=\"wpb-content-wrapper\"><p>[vc_column el_id=&#8221;home-slide&#8221;][rev_slider_vc alias=&#8221;slider_melody&#8221;][\/vc_column][vc_row][vc_column css=&#8221;.vc_custom_1462871605781{margin-top: 0.9rem !important;margin-bottom: 0.5rem !important;}&#8221;]<h2 class=\"sc_title sc_title_regular\"><\/h2><div class=\"sc_section\"><div class=\"sc_section_inner\"><h1 class=\"sc_section_title sc_item_title\">Musikk instrumenter<\/h1><h6 class=\"sc_section_subtitle sc_item_subtitle\">klasser<\/h6><div class=\"sc_section_content_wrap\"><div id=\"sc_services_1982777504_wrap\" class=\"sc_services_wrap\"><div id=\"sc_services_1982777504\" class=\"sc_services sc_services_style_services-1 sc_services_type_icons  margin_top_medium margin_bottom_medium\" style=\"width:100%;\"><div class=\"sc_columns columns_wrap\"><div class=\"column-1_3 column_padding_bottom\">\t\t\t<div id=\"sc_services_1982777504_1\"\t\t\t\tclass=\"sc_services_item sc_services_item_1 odd first\"\n\t\t\t\t>\n\t\t\t\t<a href=\"https:\/\/music-school.no\/no\/services\/clarinetsaxophone\/\"><span class=\"sc_icon icon-book-open\"><\/span><\/a>\t\t\t\t<div class=\"sc_services_item_content\">\n\t\t\t\t\t<h3 class=\"sc_services_item_title\"><a href=\"https:\/\/music-school.no\/no\/services\/clarinetsaxophone\/\">Klarinett eller saksofon<\/a><\/h3>\n\t\t\t\t\t<div class=\"sc_services_item_description\">\n\t\t\t\t\t\t<p>L\u00e6re \u00e5 spille klarinett eller\u00a0saksofon Har du lyst \u00e5 l\u00e6re \u00e5 spille klarinett\u00a0eller saksofon kan du allerede spille men vil bli enda bedre? Har du...<\/p>\t\t\t\t\t<\/div>\n\t\t\t\t<\/div>\n\t\t\t<\/div>\n\t\t<\/div><div class=\"column-1_3 column_padding_bottom\">\t\t\t<div id=\"sc_services_1982777504_2\"\t\t\t\tclass=\"sc_services_item sc_services_item_2 even\"\n\t\t\t\t>\n\t\t\t\t<a href=\"https:\/\/music-school.no\/no\/services\/summer-music-lessons\/\"><span class=\"sc_icon icon-book-open\"><\/span><\/a>\t\t\t\t<div class=\"sc_services_item_content\">\n\t\t\t\t\t<h3 class=\"sc_services_item_title\"><a href=\"https:\/\/music-school.no\/no\/services\/summer-music-lessons\/\">Sommermusikk timer<\/a><\/h3>\n\t\t\t\t\t<div class=\"sc_services_item_description\">\n\t\t\t\t\t\t<p>&nbsp; Om sommeren har du mye mer fritid.I l\u00f8pet av skolea\u030aret har du begrenset tid til a\u030a \u00f8ve pa\u030a grunn av travel hverdag. Ved \u00e5 ta leksjoner om...<\/p>\t\t\t\t\t<\/div>\n\t\t\t\t<\/div>\n\t\t\t<\/div>\n\t\t<\/div><div class=\"column-1_3 column_padding_bottom\">\t\t\t<div id=\"sc_services_1982777504_3\"\t\t\t\tclass=\"sc_services_item sc_services_item_3 odd\"\n\t\t\t\t>\n\t\t\t\t<a href=\"https:\/\/music-school.no\/no\/services\/music-theoryabrsm-theory\/\"><span class=\"sc_icon icon-book-open\"><\/span><\/a>\t\t\t\t<div class=\"sc_services_item_content\">\n\t\t\t\t\t<h3 class=\"sc_services_item_title\"><a href=\"https:\/\/music-school.no\/no\/services\/music-theoryabrsm-theory\/\">Musikkteori \/ABRSM musikkteori<\/a><\/h3>\n\t\t\t\t\t<div class=\"sc_services_item_description\">\n\t\t\t\t\t\t<p>V\u00e5r skole er opptatt av \u00e5 levere h\u00f8y kvalitet tjenester. Som et resultat av forbedringene fra n\u00e5 tilbyr vi musikkteorieleksjoner for studenter som...<\/p>\t\t\t\t\t<\/div>\n\t\t\t\t<\/div>\n\t\t\t<\/div>\n\t\t<\/div><div class=\"column-1_3 column_padding_bottom\">\t\t\t<div id=\"sc_services_1982777504_4\"\t\t\t\tclass=\"sc_services_item sc_services_item_4 even\"\n\t\t\t\t>\n\t\t\t\t<a href=\"https:\/\/music-school.no\/no\/services\/piano\/\"><span class=\"sc_icon icon-icon1\"><\/span><\/a>\t\t\t\t<div class=\"sc_services_item_content\">\n\t\t\t\t\t<h3 class=\"sc_services_item_title\"><a href=\"https:\/\/music-school.no\/no\/services\/piano\/\">Piano<br\/>  Pianoundervisning<\/a><\/h3>\n\t\t\t\t\t<div class=\"sc_services_item_description\">\n\t\t\t\t\t\t<p>Pianoundervisning: har du lyst \u00e5 l\u00e6re \u00e5 spille piano eller kan du allerede spille men vil bli enda bedre?<\/p>\t\t\t\t\t<\/div>\n\t\t\t\t<\/div>\n\t\t\t<\/div>\n\t\t<\/div><div class=\"column-1_3 column_padding_bottom\">\t\t\t<div id=\"sc_services_1982777504_5\"\t\t\t\tclass=\"sc_services_item sc_services_item_5 odd\"\n\t\t\t\t>\n\t\t\t\t<a href=\"https:\/\/music-school.no\/no\/services\/kindergarten-piano\/\"><span class=\"sc_icon icon-note\"><\/span><\/a>\t\t\t\t<div class=\"sc_services_item_content\">\n\t\t\t\t\t<h3 class=\"sc_services_item_title\"><a href=\"https:\/\/music-school.no\/no\/services\/kindergarten-piano\/\">Barnehage piano<br\/> Piano for barn<\/a><\/h3>\n\t\t\t\t\t<div class=\"sc_services_item_description\">\n\t\t\t\t\t\t<p>Ditt barn er 3 til 6 \u00e5r gammel? Er du interessert i tidlig musikkutdanning for unge nybegynnere? Er barnet interessert i piano leksjoner?<\/p>\t\t\t\t\t<\/div>\n\t\t\t\t<\/div>\n\t\t\t<\/div>\n\t\t<\/div><div class=\"column-1_3 column_padding_bottom\">\t\t\t<div id=\"sc_services_1982777504_6\"\t\t\t\tclass=\"sc_services_item sc_services_item_6 even\"\n\t\t\t\t>\n\t\t\t\t<a href=\"https:\/\/music-school.no\/no\/services\/guitar\/\"><span class=\"sc_icon icon-icon2\"><\/span><\/a>\t\t\t\t<div class=\"sc_services_item_content\">\n\t\t\t\t\t<h3 class=\"sc_services_item_title\"><a href=\"https:\/\/music-school.no\/no\/services\/guitar\/\">Gitar<br \/> Gitarundervisning<\/a><\/h3>\n\t\t\t\t\t<div class=\"sc_services_item_description\">\n\t\t\t\t\t\t<p>Gitarundervisning: har du lyst \u00e5 l\u00e6re \u00e5 spille gitar eller kan du allerede spille men vil bli enda bedre?<\/p>\t\t\t\t\t<\/div>\n\t\t\t\t<\/div>\n\t\t\t<\/div>\n\t\t<\/div><\/div><\/div><!-- \/.sc_services --><\/div><!-- \/.sc_services_wrap --><\/div><div class=\"sc_section_button sc_item_button\"><a href=\"https:\/\/music-school.no\/no\/classes\/\" class=\"sc_button sc_button_square sc_button_style_filled sc_button_size_small  sc_button_iconed icon-right\">Les mer om musikk klasser<\/a><\/div><\/div><\/div>[\/vc_column][\/vc_row][vc_row full_width=&#8221;stretch_row_content_no_spaces&#8221;][vc_column]<div class=\"sc_parallax\" data-parallax-speed=\"0.2\" data-parallax-x-pos=\"50%\" data-parallax-y-pos=\"50%\"><div class=\"sc_parallax_content\" style=\"background-image:url(https:\/\/music-school.no\/wp-content\/uploads\/revslider\/slider_melody2\/slide4.jpg); background-position:50% 50%;\"><div id=\"sc_call_to_action_656896781\" class=\"sc_call_to_action sc_call_to_action_style_2 sc_call_to_action_align_center margin_top_huge margin_bottom_large color_style_light\" style=\"margin: auto; max-width: 500px;width:100%;\"><div class=\"sc_call_to_action_info\"><h1 class=\"sc_call_to_action_title sc_item_title\">Stavanger musikkskole: Vi tilbyr individual og gruppe musikk timer for alle aldre og niv\u00e5er<\/h1><\/div><div class=\"sc_call_to_action_buttons sc_item_buttons\"><div class=\"sc_call_to_action_button sc_item_button\"><a href=\"\/register-class\/\" class=\"sc_button sc_button_square sc_button_style_filled sc_button_size_small style_color_dark_hover \">Registrer for en klasse<\/a><\/div><div class=\"sc_call_to_action_button sc_item_button\"><a href=\"https:\/\/music-school.no\/no\/bookonline\/\" class=\"sc_button sc_button_square sc_button_style_filled sc_button_size_small style_color_dark_hover \">Bestill gratis pr\u00f8vetime<\/a><\/div><\/div><\/div>[vc_empty_space height=&#8221;1.7em&#8221;]<\/div><\/div>[\/vc_column][\/vc_row][vc_row full_width=&#8221;stretch_row&#8221; css=&#8221;.vc_custom_1462868235830{background-color: #f7f7f7 !important;}&#8221;][vc_column css=&#8221;.vc_custom_1462870427941{margin-top: 1rem !important;}&#8221;]<div class=\"sc_section\"><div class=\"sc_section_inner\"><h1 class=\"sc_section_title sc_item_title\">We grow talent<\/h1><h6 class=\"sc_section_subtitle sc_item_subtitle\">video<\/h6><div class=\"sc_section_content_wrap\"><video class=\"sc_video\" src=\"https:\/\/music-school.no\/wp-content\/uploads\/2017\/10\/16109748_687912194711974_8940959919754969088_n.mp4\" width=\"100%\" height=\"\" data-width=\"100%\" data-height=\"\" data-ratio=\"16:9\" poster=\"https:\/\/music-school.no\/wp-content\/uploads\/revslider\/slider_melody\/slider2.jpg\" data-image=\"https:\/\/music-school.no\/wp-content\/uploads\/revslider\/slider_melody\/slider2.jpg\" style=\"width:100%;\" controls=\"controls\" loop=\"loop\"><\/video><\/div><\/div><\/div>[\/vc_column][\/vc_row][vc_row][vc_column css=&#8221;.vc_custom_1462879879894{margin-top: 1.15rem !important;}&#8221;]<div class=\"sc_section aligncenter\" style=\"max-width: 1020px;\"><div class=\"sc_section_inner\"><h1 class=\"sc_section_title sc_item_title\">Musikkl\u00e6rere<\/h1><h6 class=\"sc_section_subtitle sc_item_subtitle\">staff<\/h6><div class=\"sc_section_content_wrap\"><div id=\"sc_team_1253608834_wrap\" class=\"sc_team_wrap\"><div id=\"sc_team_1253608834\" class=\"sc_team sc_team_style_team-1  margin_top_medium margin_bottom_medium\" style=\"width:100%;\"><div class=\"sc_columns columns_wrap\"><div class=\"column-1_3 column_padding_bottom\">\t\t\t<div id=\"sc_team_1253608834_1\"\t\t\t\tclass=\"sc_team_item sc_team_item_1 odd first\"\n\t\t\t\t>\n\t\t\t\t<div class=\"sc_team_item_avatar\"><img loading=\"lazy\" decoding=\"async\" class=\"wp-post-image\" width=\"370\" height=\"370\" alt=\"Shazia\" src=\"https:\/\/music-school.no\/wp-content\/uploads\/2025\/09\/20250828_173935-scaled-370x370.jpg\"><\/div>\n\t\t\t\t<div class=\"sc_team_item_info\">\n                                        <h3 class=\"sc_team_item_title\"><a href=\"https:\/\/music-school.no\/no\/team\/shazia\/\">Shazia<\/a><\/h3>\n                    <div class=\"sc_team_item_position\">\n                        <p><\/p>\n                        <a href=\"mailto:\"><\/a>\n                    <\/div>\n\t\t\t\t\t\t\t\t\t<\/div>\n\t\t\t<\/div>\n\t\t<\/div><div class=\"column-1_3 column_padding_bottom\">\t\t\t<div id=\"sc_team_1253608834_2\"\t\t\t\tclass=\"sc_team_item sc_team_item_2 even\"\n\t\t\t\t>\n\t\t\t\t<div class=\"sc_team_item_avatar\"><img loading=\"lazy\" decoding=\"async\" class=\"wp-post-image\" width=\"370\" height=\"333\" alt=\"David\" src=\"https:\/\/music-school.no\/wp-content\/uploads\/2020\/06\/David-Giraldo-e1596497095152-370x333.jpeg\"><\/div>\n\t\t\t\t<div class=\"sc_team_item_info\">\n                                        <h3 class=\"sc_team_item_title\"><a href=\"https:\/\/music-school.no\/no\/team\/david-giraldo\/\">David<\/a><\/h3>\n                    <div class=\"sc_team_item_position\">\n                        <p><\/p>\n                        <a href=\"mailto:\"><\/a>\n                    <\/div>\n\t\t\t\t\t\t\t\t\t<\/div>\n\t\t\t<\/div>\n\t\t<\/div><div class=\"column-1_3 column_padding_bottom\">\t\t\t<div id=\"sc_team_1253608834_3\"\t\t\t\tclass=\"sc_team_item sc_team_item_3 odd\"\n\t\t\t\t>\n\t\t\t\t<div class=\"sc_team_item_avatar\"><img loading=\"lazy\" decoding=\"async\" class=\"wp-post-image\" width=\"370\" height=\"370\" alt=\"David\" src=\"https:\/\/music-school.no\/wp-content\/uploads\/2020\/06\/20251028_150321-scaled-370x370.jpg\"><\/div>\n\t\t\t\t<div class=\"sc_team_item_info\">\n                                        <h3 class=\"sc_team_item_title\"><a href=\"https:\/\/music-school.no\/no\/team\/david\/\">David<\/a><\/h3>\n                    <div class=\"sc_team_item_position\">\n                        <p>guitar teacher<\/p>\n                        <a href=\"mailto:\"><\/a>\n                    <\/div>\n\t\t\t\t\t\t\t\t\t<\/div>\n\t\t\t<\/div>\n\t\t<\/div><div class=\"column-1_3 column_padding_bottom\">\t\t\t<div id=\"sc_team_1253608834_4\"\t\t\t\tclass=\"sc_team_item sc_team_item_4 even\"\n\t\t\t\t>\n\t\t\t\t<div class=\"sc_team_item_avatar\"><img loading=\"lazy\" decoding=\"async\" class=\"wp-post-image\" width=\"370\" height=\"370\" alt=\"Mirjana\" src=\"https:\/\/music-school.no\/wp-content\/uploads\/2025\/09\/20250825_193655-scaled-370x370.jpg\"><\/div>\n\t\t\t\t<div class=\"sc_team_item_info\">\n                                        <h3 class=\"sc_team_item_title\"><a href=\"https:\/\/music-school.no\/no\/team\/mirjana\/\">Mirjana<\/a><\/h3>\n                    <div class=\"sc_team_item_position\">\n                        <p>Violin Teacher<\/p>\n                        <a href=\"mailto:\"><\/a>\n                    <\/div>\n\t\t\t\t\t\t\t\t\t<\/div>\n\t\t\t<\/div>\n\t\t<\/div><div class=\"column-1_3 column_padding_bottom\">\t\t\t<div id=\"sc_team_1253608834_5\"\t\t\t\tclass=\"sc_team_item sc_team_item_5 odd\"\n\t\t\t\t>\n\t\t\t\t<div class=\"sc_team_item_avatar\"><img loading=\"lazy\" decoding=\"async\" class=\"wp-post-image\" width=\"370\" height=\"370\" alt=\"Flora\" src=\"https:\/\/music-school.no\/wp-content\/uploads\/2019\/08\/Flora-1-scaled-370x370.jpg\"><\/div>\n\t\t\t\t<div class=\"sc_team_item_info\">\n                                        <h3 class=\"sc_team_item_title\"><a href=\"https:\/\/music-school.no\/no\/team\/flora\/\">Flora<\/a><\/h3>\n                    <div class=\"sc_team_item_position\">\n                        <p>Piano\/Theory\/Harp Teacher<\/p>\n                        <a href=\"mailto:\"><\/a>\n                    <\/div>\n\t\t\t\t\t\t\t\t\t<\/div>\n\t\t\t<\/div>\n\t\t<\/div><div class=\"column-1_3 column_padding_bottom\">\t\t\t<div id=\"sc_team_1253608834_6\"\t\t\t\tclass=\"sc_team_item sc_team_item_6 even\"\n\t\t\t\t>\n\t\t\t\t<div class=\"sc_team_item_avatar\"><img loading=\"lazy\" decoding=\"async\" class=\"wp-post-image\" width=\"370\" height=\"370\" alt=\"Iana\" src=\"https:\/\/music-school.no\/wp-content\/uploads\/2017\/10\/34111-1-370x370.jpg\"><\/div>\n\t\t\t\t<div class=\"sc_team_item_info\">\n                                        <h3 class=\"sc_team_item_title\"><a href=\"https:\/\/music-school.no\/no\/team\/iana-ghilea\/\">Iana<\/a><\/h3>\n                    <div class=\"sc_team_item_position\">\n                        <p>pianol\u00e6rer<\/p>\n                        <a href=\"mailto:\"><\/a>\n                    <\/div>\n\t\t\t\t\t\t\t\t\t<\/div>\n\t\t\t<\/div>\n\t\t<\/div><\/div><div class=\"sc_team_button sc_item_button\"><a href=\"\/no\/team\" class=\"sc_button sc_button_square sc_button_style_filled sc_button_size_small  sc_button_iconed icon-right\">Les mer om l\u00e6rere<\/a><\/div><\/div><!-- \/.sc_team --><\/div><!-- \/.sc_team_wrap --><\/div><\/div><\/div>[\/vc_column][\/vc_row][vc_row full_width=&#8221;stretch_row_content_no_spaces&#8221;][vc_column]<div class=\"sc_parallax\" data-parallax-speed=\"0.1\" data-parallax-x-pos=\"50%\" data-parallax-y-pos=\"50%\"><div class=\"sc_parallax_content\" style=\"background-image:url(https:\/\/music-school.no\/wp-content\/uploads\/revslider\/slider_melody\/slider2.jpg); background-position:50% 50%;\"><div class=\"sc_content content_wrap\"><h1 class=\"sc_title sc_title_regular sc_align_center margin_top_huge\" style=\"margin-bottom: 1.55rem;text-align:center;color:#ffffff;\">International Music School of Stavanger<\/h1><div class=\"sc_section aligncenter\" style=\"max-width: 590px;\"><div class=\"sc_section_inner\"><div class=\"sc_section_content_wrap\"><span class=\"sc_highlight\" style=\"color:#ffffff;font-size:1.3826em; line-height: 1.4em;\">Vi har dyktige og meget erfarne instrukt\u00f8rer som underviser piano, gitar, fiolin, vokal, Baby Musiker grupper og mange andre instrumenter.&#8211;<\/span><\/div><div class=\"sc_section_button sc_item_button\"><a href=\"https:\/\/music-school.no\/no\/about\/\" class=\"sc_button sc_button_square sc_button_style_filled sc_button_size_small  sc_button_iconed icon-right\">Om musikkskole<\/a><\/div><\/div><\/div><div id=\"sc_skills_diagram_2034403269\" class=\"sc_skills sc_skills_counter margin_bottom_large\" style=\"margin-top: 1.5rem;\" data-type=\"counter\" data-caption=\"Skills\"><div class=\"columns_wrap sc_skills_columns sc_skills_columns_4\"><div class=\"sc_skills_column column-1_4\"><div class=\"sc_skills_item sc_skills_style_2 odd first\"><div class=\"sc_skills_icon none\"><\/div><div class=\"sc_skills_count\"><\/div><div class=\"sc_skills_total\" data-start=\"0\" data-stop=\"87\" data-step=\"1\" data-max=\"100\" data-speed=\"30\" data-duration=\"2610\" data-ed=\"\">0<\/div><div class=\"sc_skills_info\"><div class=\"sc_skills_label\">Studenter<\/div><\/div><\/div><\/div><div class=\"sc_skills_column column-1_4\"><div class=\"sc_skills_item sc_skills_style_2 even\"><div class=\"sc_skills_icon none\"><\/div><div class=\"sc_skills_count\"><\/div><div class=\"sc_skills_total\" data-start=\"0\" data-stop=\"7\" data-step=\"1\" data-max=\"100\" data-speed=\"12\" data-duration=\"84\" data-ed=\"\">0<\/div><div class=\"sc_skills_info\"><div class=\"sc_skills_label\">L\u00e6rere<\/div><\/div><\/div><\/div><div class=\"sc_skills_column column-1_4\"><div class=\"sc_skills_item sc_skills_style_2 odd\"><div class=\"sc_skills_icon none\"><\/div><div class=\"sc_skills_count\"><\/div><div class=\"sc_skills_total\" data-start=\"0\" data-stop=\"17\" data-step=\"1\" data-max=\"100\" data-speed=\"20\" data-duration=\"340\" data-ed=\"\">0<\/div><div class=\"sc_skills_info\"><div class=\"sc_skills_label\">Programmer<\/div><\/div><\/div><\/div><div class=\"sc_skills_column column-1_4\"><div class=\"sc_skills_item sc_skills_style_2 even\"><div class=\"sc_skills_icon none\"><\/div><div class=\"sc_skills_count\"><\/div><div class=\"sc_skills_total\" data-start=\"0\" data-stop=\"21\" data-step=\"1\" data-max=\"100\" data-speed=\"34\" data-duration=\"714\" data-ed=\"\">0<\/div><div class=\"sc_skills_info\"><div class=\"sc_skills_label\">Premier<\/div><\/div><\/div><\/div><\/div><\/div>[vc_empty_space height=&#8221;1.7em&#8221;]<\/div><\/div><\/div>[\/vc_column][\/vc_row][vc_row full_width=&#8221;stretch_row&#8221; el_class=&#8221;accent1_bg events&#8221;][vc_column css=&#8221;.vc_custom_1462873683550{margin-top: 3.1rem !important;margin-bottom: 2.3rem !important;}&#8221;]<div class=\"sc_section alignleft\"><div class=\"sc_section_inner\"><div class=\"sc_section_content_wrap\"><h1 class=\"sc_title sc_title_regular\" style=\"margin-top: 0.65rem;color:#ffffff;\">Stavanger School Calendar 2022 &#8211; 2023<\/h1><\/div><\/div><\/div><div class=\"sc_section margin_top_null margin_left_small alignleft\"><div class=\"sc_section_inner\"><div class=\"sc_section_content_wrap\"><\/div><\/div><\/div><div class=\"sc_section margin_left_medium alignleft\" style=\"max-width: 550px;\"><div class=\"sc_section_inner\"><div class=\"sc_section_content_wrap\"><\/div><\/div><\/div><div class=\"sc_section alignleft\"><div class=\"sc_section_inner\"><div class=\"sc_section_content_wrap\"><a href=\"\/calendar\/\" class=\"sc_button sc_button_square sc_button_style_filled sc_button_size_medium style_color_dark_hover\" style=\"margin-top: 0.85rem;\">Les mer<\/a><\/div><\/div><\/div><div class=\"sc_content content_wrap\"><\/div><blockquote class=\"sc_quote margin_top_null margin_right_null margin_bottom_null margin_left_null style_quote_image\"><p>Har du noen gang tenkt p\u00e5 muligheten for at barnet ditt kan bli den neste Mozart eller Beethoven? Det stemmer, alt er mer enn mulig p\u00e5International Music School of Stavanger. V\u00e5re musikkleksjoner og l\u00e6rere vil s\u00f8rge for at alle f\u00e5r mest mulig ut av de gode musikk- og spilleopplevelsene, og hjelpe deg med \u00e5 fullf\u00f8redine m\u00e5l ogmusikkurs.<\/p>\n<p>Vi tilbyr b\u00e5de gratis pr\u00f8vetimer og semesterbaserte, faste timer. L\u00e6rerne iInternational Music School of Stavangerer opptatte av h\u00f8y kvalitet i undervisningen, som fullt ut vil bidra til \u00e5 fullf\u00f8re alt en vil \u00f8nske seg. Har du lyst til \u00e5 pr\u00f8ve \u00e5 spille et instrument, men er ikke helt sikker p\u00e5 hvilket, trenger du ikke \u00e5 bekymre deg \u2013 som nevnt tidligere, tilbyr vi en gratis pr\u00f8vetime per instrument. V\u00e5re erfarne l\u00e6rere har m\u00e5lom \u00e5 gjennomf\u00f8re musikkleksjoner som vil v\u00e6re tilgjengelige for alle \u2013 b\u00e5de de med og ikke noe s\u00e6rlig musikalsk bakgrunn, de minste og godt voksne.<\/p>\n<p>Kurset i musikk er veldig variert og kan tilpasses personlig etter ens behov. Ikke n\u00f8l, kom innom hos oss p\u00e5 International Music School of Stavanger i dag, eller bes\u00f8k https:\/\/music-school.no\/no\/ for mer informasjon!<\/p><p class=\"sc_quote_title\">International Music School of Stavanger<\/p><\/blockquote>[\/vc_column][\/vc_row][vc_row full_width=&#8221;stretch_row_content_no_spaces&#8221;][vc_column]<div class=\"sc_parallax\" data-parallax-speed=\"0.15\" data-parallax-x-pos=\"50%\" data-parallax-y-pos=\"50%\"><div class=\"sc_parallax_content\" style=\"background-image:url(https:\/\/music-school.no\/wp-content\/uploads\/2017\/10\/321111-2.jpg); background-position:50% 50%;\"><div class=\"sc_content content_wrap margin_top_huge margin_bottom_huge\"><div id=\"sc_testimonials_1572115568\" class=\"sc_testimonials sc_testimonials_style_testimonials-1  no_image\" style=\"width:100%;\"><div class=\"sc_slider_swiper swiper-slider-container sc_slider_nopagination sc_slider_controls sc_slider_controls_side\" data-interval=\"7308\" data-slides-min-width=\"250\"><div class=\"slides swiper-wrapper\"><div class=\"swiper-slide\" data-style=\"width:100%;\" style=\"width:100%;\">\t\t\t<div id=\"sc_testimonials_1572115568_1\" class=\"sc_testimonial_item\">\n                                    <div class=\"sc_testimonial_avatar\"><img loading=\"lazy\" decoding=\"async\" class=\"wp-post-image\" width=\"184\" height=\"184\" alt=\"Miora\" src=\"https:\/\/music-school.no\/wp-content\/uploads\/2017\/10\/Miora-184x184.jpg\"><\/div>\n                \t\t\t\t<div class=\"sc_testimonial_content\"><p>Thank you for a great teaching! The most important is to have motivated kids. It\u2019s not always easy for us parents. My boy likes music lessons at International Music School of Stavanger.<\/p>\n<\/div>\n\t\t\t\t\t\t\t\t<div class=\"sc_testimonial_author\"><span class=\"sc_testimonial_author_name\">Miora<\/span><span class=\"sc_testimonial_author_position\"> \/ parent<\/span><\/div>\n\t\t\t\t\t\t\t<\/div>\n\t\t<\/div><div class=\"swiper-slide\" data-style=\"width:100%;\" style=\"width:100%;\">\t\t\t<div id=\"sc_testimonials_1572115568_2\" class=\"sc_testimonial_item\">\n                                    <div class=\"sc_testimonial_avatar\"><img loading=\"lazy\" decoding=\"async\" class=\"wp-post-image\" width=\"184\" height=\"184\" alt=\"Sophie\" src=\"https:\/\/music-school.no\/wp-content\/uploads\/2017\/10\/Sophie-184x184.jpeg\"><\/div>\n                \t\t\t\t<div class=\"sc_testimonial_content\"><p>Dear Iana,<\/p>\n<p>I really  like  going to your classes. Thank you so much for teaching me!<\/p>\n<\/div>\n\t\t\t\t\t\t\t\t<div class=\"sc_testimonial_author\"><span class=\"sc_testimonial_author_name\">Sophie<\/span><span class=\"sc_testimonial_author_position\"> \/ student<\/span><\/div>\n\t\t\t\t\t\t\t<\/div>\n\t\t<\/div><div class=\"swiper-slide\" data-style=\"width:100%;\" style=\"width:100%;\">\t\t\t<div id=\"sc_testimonials_1572115568_3\" class=\"sc_testimonial_item\">\n                                    <div class=\"sc_testimonial_avatar\"><img loading=\"lazy\" decoding=\"async\" class=\"wp-post-image\" width=\"184\" height=\"184\" alt=\"Shahed\" src=\"https:\/\/music-school.no\/wp-content\/uploads\/2017\/10\/Shahed-184x184.jpeg\"><\/div>\n                \t\t\t\t<div class=\"sc_testimonial_content\"><p>My son has been taking piano and guitar lessons for more than a year. He loves his teachers and I can tell that they really care about my kid too. Your music school is wonderful and I highly recommend.<\/p>\n<p>&nbsp;<\/p>\n<\/div>\n\t\t\t\t\t\t\t\t<div class=\"sc_testimonial_author\"><span class=\"sc_testimonial_author_name\">Shahed<\/span><span class=\"sc_testimonial_author_position\"> \/ parent<\/span><\/div>\n\t\t\t\t\t\t\t<\/div>\n\t\t<\/div><div class=\"swiper-slide\" data-style=\"width:100%;\" style=\"width:100%;\">\t\t\t<div id=\"sc_testimonials_1572115568_4\" class=\"sc_testimonial_item\">\n                                    <div class=\"sc_testimonial_avatar\"><img loading=\"lazy\" decoding=\"async\" class=\"wp-post-image\" width=\"184\" height=\"184\" alt=\"Agustina\" src=\"https:\/\/music-school.no\/wp-content\/uploads\/2017\/10\/Agustina-184x184.jpg\"><\/div>\n                \t\t\t\t<div class=\"sc_testimonial_content\"><p>My piano instructor teach me how to be perfect in playing piano, no excuse!<br \/>\nPlaying piano is a future instrument and you can trust Iana how to do \u201cthis investment\u201d<br \/>\nHAPPY LEARNING!<\/p>\n<\/div>\n\t\t\t\t\t\t\t\t<div class=\"sc_testimonial_author\"><span class=\"sc_testimonial_author_name\">Agustina<\/span><span class=\"sc_testimonial_author_position\"> \/ student<\/span><\/div>\n\t\t\t\t\t\t\t<\/div>\n\t\t<\/div><\/div><div class=\"sc_slider_controls_wrap\"><a class=\"sc_slider_prev\" href=\"#\"><\/a><a class=\"sc_slider_next\" href=\"#\"><\/a><\/div><div class=\"sc_slider_pagination_wrap\"><\/div><\/div><\/div><\/div><\/div><\/div>[\/vc_column][\/vc_row][vc_row][vc_column][\/vc_column][\/vc_row]<\/p>\n<\/div>","protected":false},"excerpt":{"rendered":"<p>[vc_column el_id=&#8221;home-slide&#8221;][rev_slider_vc alias=&#8221;slider_melody&#8221;][\/vc_column][vc_row][vc_column css=&#8221;.vc_custom_1462871605781{margin-top: 0.9rem !important;margin-bottom: 0.5rem !important;}&#8221;][\/vc_column][\/vc_row][vc_row full_width=&#8221;stretch_row_content_no_spaces&#8221;][vc_column][\/vc_column][\/vc_row][vc_row full_width=&#8221;stretch_row&#8221; css=&#8221;.vc_custom_1462868235830{background-color: #f7f7f7 !important;}&#8221;][vc_column css=&#8221;.vc_custom_1462870427941{margin-top: 1rem !important;}&#8221;][\/vc_column][\/vc_row][vc_row][vc_column css=&#8221;.vc_custom_1462879879894{margin-top: 1.15rem !important;}&#8221;][\/vc_column][\/vc_row][vc_row full_width=&#8221;stretch_row_content_no_spaces&#8221;][vc_column][\/vc_column][\/vc_row][vc_row full_width=&#8221;stretch_row&#8221; el_class=&#8221;accent1_bg events&#8221;][vc_column css=&#8221;.vc_custom_1462873683550{margin-top: 3.1rem !important;margin-bottom: 2.3rem !important;}&#8221;][\/vc_column][\/vc_row][vc_row full_width=&#8221;stretch_row_content_no_spaces&#8221;][vc_column][\/vc_column][\/vc_row][vc_row][vc_column][\/vc_column][\/vc_row]<\/p>\n","protected":false},"author":1,"featured_media":0,"parent":0,"menu_order":14,"comment_status":"closed","ping_status":"closed","template":"","meta":{"footnotes":""},"_links":{"self":[{"href":"https:\/\/music-school.no\/no\/wp-json\/wp\/v2\/pages\/477"}],"collection":[{"href":"https:\/\/music-school.no\/no\/wp-json\/wp\/v2\/pages"}],"about":[{"href":"https:\/\/music-school.no\/no\/wp-json\/wp\/v2\/types\/page"}],"author":[{"embeddable":true,"href":"https:\/\/music-school.no\/no\/wp-json\/wp\/v2\/users\/1"}],"replies":[{"embeddable":true,"href":"https:\/\/music-school.no\/no\/wp-json\/wp\/v2\/comments?post=477"}],"version-history":[{"count":198,"href":"https:\/\/music-school.no\/no\/wp-json\/wp\/v2\/pages\/477\/revisions"}],"predecessor-version":[{"id":1823,"href":"https:\/\/music-school.no\/no\/wp-json\/wp\/v2\/pages\/477\/revisions\/1823"}],"wp:attachment":[{"href":"https:\/\/music-school.no\/no\/wp-json\/wp\/v2\/media?parent=477"}],"curies":[{"name":"wp","href":"https:\/\/api.w.org\/{rel}","templated":true}]}}