{"id":401,"date":"2016-05-10T09:45:26","date_gmt":"2016-05-10T09:45:26","guid":{"rendered":"https:\/\/music-school.no\/?page_id=401"},"modified":"2024-04-30T08:31:40","modified_gmt":"2024-04-30T08:31:40","slug":"needmusicians","status":"publish","type":"page","link":"https:\/\/music-school.no\/no\/needmusicians\/","title":{"rendered":"Trenger du musikere?"},"content":{"rendered":"<p>Vi tilbyr musikere for ulike feiringer, bryllup og arrangementer. V\u00e5re tjenester starter fra 7000 kroner per time, med 50% rabatt for hver p\u00e5f\u00f8lgende time.<\/p>\n<p dir=\"auto\">For \u00e5 bestille musikere, vennligst send en e-post til\u00a0 <a href=\"mailto:stavanger@music-school.no\">stavanger@music-school.no<\/a>\u00a0 med f\u00f8lgende informasjon:<\/p>\n<p dir=\"auto\">&#8211; Dato og tidspunkt for arrangementet<br \/>\n&#8211; En kort beskrivelse av arrangementet (f.eks. bryllup eller casual fest)<br \/>\n&#8211; Varigheten du trenger musikere<br \/>\n&#8211; Hvis du trenger en pianist, vennligst s\u00f8rg for at et piano eller flygel er tilgjengelig p\u00e5 stedet. Vi tar med oss andre instrumenter<br \/>\n&#8211; Du kan spesifisere eventuelle bestemte stykker du \u00f8nsker \u00e5 h\u00f8re.<\/p>\n<div dir=\"auto\"><\/div>\n<div dir=\"auto\"><\/div>\n<div dir=\"auto\"><\/div>\n<div dir=\"auto\"><\/div>\n<p dir=\"auto\">For videre avtaler, vennligst send all n\u00f8dvendig informasjon til\u00a0 <a href=\"mailto:stavanger@music-school.no\">stavanger@music-school.no<\/a>.<\/p>\n<p>Du kan se eksempler p\u00e5 opptredener i videoen nedenfor:<\/p>\n<p>&nbsp;<\/p>\n<p><iframe loading=\"lazy\" title=\"Wicked Game by Iana&amp;Daryna\" width=\"1170\" height=\"658\" src=\"https:\/\/www.youtube.com\/embed\/7J6uHOwSS58?feature=oembed\" frameborder=\"0\" allow=\"accelerometer; autoplay; clipboard-write; encrypted-media; gyroscope; picture-in-picture; web-share\" referrerpolicy=\"strict-origin-when-cross-origin\" allowfullscreen><\/iframe><\/p>\n<p>&nbsp;<\/p>\n<p>&nbsp;<\/p>\n<p>&nbsp;<\/p>\n<p><iframe loading=\"lazy\" title=\"Sorry Seems To Be The Hardest Word by Iana&amp;Daryna\" width=\"1170\" height=\"658\" src=\"https:\/\/www.youtube.com\/embed\/4P44iE2s178?feature=oembed\" frameborder=\"0\" allow=\"accelerometer; autoplay; clipboard-write; encrypted-media; gyroscope; picture-in-picture; web-share\" referrerpolicy=\"strict-origin-when-cross-origin\" allowfullscreen><\/iframe><\/p>\n<p>&nbsp;<\/p>\n<p>&nbsp;<\/p>\n<p>&nbsp;<\/p>\n<p><iframe loading=\"lazy\" title=\"Toxic by Iana&amp;Daryna\" width=\"1170\" height=\"658\" src=\"https:\/\/www.youtube.com\/embed\/PwGsZrQhpDo?feature=oembed\" frameborder=\"0\" allow=\"accelerometer; autoplay; clipboard-write; encrypted-media; gyroscope; picture-in-picture; web-share\" referrerpolicy=\"strict-origin-when-cross-origin\" allowfullscreen><\/iframe><\/p>\n<p>&nbsp;<\/p>","protected":false},"excerpt":{"rendered":"<p>Vi tilbyr musikere for ulike feiringer, bryllup og arrangementer. V\u00e5re tjenester starter fra 7000 kroner per time, med 50% rabatt for hver p\u00e5f\u00f8lgende time. For \u00e5 bestille musikere, vennligst send en e-post til\u00a0 stavanger@music-school.no\u00a0 med f\u00f8lgende informasjon: &#8211; Dato og tidspunkt for arrangementet &#8211; En kort beskrivelse av arrangementet (f.eks. bryllup eller casual fest) &#8211; [&hellip;]<\/p>\n","protected":false},"author":1,"featured_media":0,"parent":0,"menu_order":18,"comment_status":"closed","ping_status":"closed","template":"","meta":{"footnotes":""},"_links":{"self":[{"href":"https:\/\/music-school.no\/no\/wp-json\/wp\/v2\/pages\/401"}],"collection":[{"href":"https:\/\/music-school.no\/no\/wp-json\/wp\/v2\/pages"}],"about":[{"href":"https:\/\/music-school.no\/no\/wp-json\/wp\/v2\/types\/page"}],"author":[{"embeddable":true,"href":"https:\/\/music-school.no\/no\/wp-json\/wp\/v2\/users\/1"}],"replies":[{"embeddable":true,"href":"https:\/\/music-school.no\/no\/wp-json\/wp\/v2\/comments?post=401"}],"version-history":[{"count":26,"href":"https:\/\/music-school.no\/no\/wp-json\/wp\/v2\/pages\/401\/revisions"}],"predecessor-version":[{"id":1955,"href":"https:\/\/music-school.no\/no\/wp-json\/wp\/v2\/pages\/401\/revisions\/1955"}],"wp:attachment":[{"href":"https:\/\/music-school.no\/no\/wp-json\/wp\/v2\/media?parent=401"}],"curies":[{"name":"wp","href":"https:\/\/api.w.org\/{rel}","templated":true}]}}