{"id":228,"date":"2016-05-05T13:26:29","date_gmt":"2016-05-05T13:26:29","guid":{"rendered":"https:\/\/music-school.no\/?page_id=228"},"modified":"2019-10-24T10:22:20","modified_gmt":"2019-10-24T10:22:20","slug":"about","status":"publish","type":"page","link":"https:\/\/music-school.no\/no\/about\/","title":{"rendered":"Om Oss"},"content":{"rendered":"<div class=\"wpb-content-wrapper\"><p>[vc_row][vc_column][vc_column_text]<\/p>\n<h1 class=\"sc_item_title\" style=\"text-align: center;\">Om Oss<\/h1>\n<p>&nbsp;<\/p>\n<p style=\"text-align: center;\">Har du alltid \u00f8nsket \u00e5 spille musikk instrumenter, men gikk glipp av muligheten?<br \/>\n\u00d8nsker du \u00e5 gi ditt barn en utmerket musikkutdanning?<br \/>\nThe International Music School of Stavanger tilbyr musikk timer for alle aldre og niv\u00e5er.<br \/>\nVi er faglig kvalifiserte l\u00e6rere med stor internasjonal erfaring.<br \/>\nP\u00e5 International Music School of Stavanger garanterer vi h\u00f8yt kvalifisert musikkutdannelse, uforglemmelige f\u00f8lelser og gode minner som vil leve gjennom hele livet ditt.<br \/>\nAlle v\u00e5re studenter oppfordres til \u00e5 delta i konserter, konkurranser, eksamener og mesterklasser. Vi tilbyr ogs\u00e5 h\u00f8yt kvalifisert bistand i forberedelsene til ABRSM eksamen. Les mer om ABRSM eksamen \u00a0<a href=\"http:\/\/gb.abrsm.org\/en\/about-abrsm\/introduction-to-abrsm-our-mission-and-team\/\" target=\"_blank\" rel=\"noopener\">her<\/a>.<\/p>\n<p style=\"text-align: center;\"><strong>Prinsipper i arbeidet i v\u00e5r Stavanger musikkskole:<\/strong><br \/>\n-Individual assistanse for hver student<br \/>\n&#8211; Vi bruker de mest effektive metodene for \u00e5 l\u00e6re musikk<br \/>\n-Bare profesjonelle l\u00e6rere med stor musikalsk bakgrunn arbeid i skolen v\u00e5r<br \/>\n&#8211; Hos oss kan du f\u00e5 kvalitativ musikkutdanning<\/p>\n<p style=\"text-align: center;\"><strong>Vi tilbyr to typer musikkutdanning<\/strong>:<br \/>\n-Individual musikkundervisning \u00a0(<a href=\"https:\/\/music-school.no\/no\/services\/piano\/\" target=\"_blank\" rel=\"noopener\">piano<\/a>, <a href=\"https:\/\/music-school.no\/no\/services\/guitar\/\" target=\"_blank\" rel=\"noopener\">gitar<\/a>, <a href=\"https:\/\/music-school.no\/no\/services\/violin\/\" target=\"_blank\" rel=\"noopener\">fiolin<\/a>, <a href=\"https:\/\/music-school.no\/no\/services\/voice\/\">vokal<\/a>, <a href=\"https:\/\/music-school.no\/no\/services\/flute\/\" target=\"_blank\" rel=\"noopener\">flute<\/a>, <a href=\"https:\/\/music-school.no\/no\/services\/ukulele\/\" target=\"_blank\" rel=\"noopener\">ukulele<\/a>, <a href=\"https:\/\/music-school.no\/no\/services\/oboe\/\" target=\"_blank\" rel=\"noopener\">obo<\/a>)<br \/>\n-Gruppe musikkundervisning ( &#8220;<a href=\"https:\/\/music-school.no\/no\/services\/baby-musician\/\">Baby Musiker<\/a>&#8221; for barn fra 2 \u00e5r gammel til 7 \u00e5r)<\/p>\n<p class=\"sc_section_subtitle sc_item_subtitle\" style=\"text-align: center;\"><strong>Start musikkutdanning i skolen v\u00e5r i dag og s\u00f8k om en <a href=\"https:\/\/music-school.no\/no\/bookonline\/\">gratis pr\u00f8vetime<\/a> her!<\/strong><\/p>\n<p><iframe loading=\"lazy\" width=\"1170\" height=\"658\" src=\"https:\/\/www.youtube.com\/embed\/Y-ozrv3-rRQ?feature=oembed\" frameborder=\"0\" allow=\"accelerometer; autoplay; encrypted-media; gyroscope; picture-in-picture\" allowfullscreen><\/iframe><\/p>\n<p>&nbsp;<\/p>\n<p>&nbsp;<\/p>\n<p style=\"text-align: center;\"><iframe loading=\"lazy\" src=\"https:\/\/www.youtube.com\/embed\/3qZqRNaip9I\" width=\"853\" height=\"480\" frameborder=\"0\" allowfullscreen=\"allowfullscreen\"><\/iframe><\/p>\n<p><\/p>\n<\/div>","protected":false},"excerpt":{"rendered":"<p>[vc_row][vc_column][vc_column_text] Om Oss &nbsp; Har du alltid \u00f8nsket \u00e5 spille musikk instrumenter, men gikk glipp av muligheten? \u00d8nsker du \u00e5 gi ditt barn en utmerket musikkutdanning? The International Music School of Stavanger tilbyr musikk timer for alle aldre og niv\u00e5er. Vi er faglig kvalifiserte l\u00e6rere med stor internasjonal erfaring. P\u00e5 International Music School of Stavanger [&hellip;]<\/p>\n","protected":false},"author":1,"featured_media":0,"parent":0,"menu_order":29,"comment_status":"closed","ping_status":"closed","template":"","meta":{"footnotes":""},"_links":{"self":[{"href":"https:\/\/music-school.no\/no\/wp-json\/wp\/v2\/pages\/228"}],"collection":[{"href":"https:\/\/music-school.no\/no\/wp-json\/wp\/v2\/pages"}],"about":[{"href":"https:\/\/music-school.no\/no\/wp-json\/wp\/v2\/types\/page"}],"author":[{"embeddable":true,"href":"https:\/\/music-school.no\/no\/wp-json\/wp\/v2\/users\/1"}],"replies":[{"embeddable":true,"href":"https:\/\/music-school.no\/no\/wp-json\/wp\/v2\/comments?post=228"}],"version-history":[{"count":51,"href":"https:\/\/music-school.no\/no\/wp-json\/wp\/v2\/pages\/228\/revisions"}],"predecessor-version":[{"id":1594,"href":"https:\/\/music-school.no\/no\/wp-json\/wp\/v2\/pages\/228\/revisions\/1594"}],"wp:attachment":[{"href":"https:\/\/music-school.no\/no\/wp-json\/wp\/v2\/media?parent=228"}],"curies":[{"name":"wp","href":"https:\/\/api.w.org\/{rel}","templated":true}]}}