{"id":158,"date":"2016-05-05T11:39:54","date_gmt":"2016-05-05T11:39:54","guid":{"rendered":"https:\/\/music-school.no\/?page_id=158"},"modified":"2022-12-09T10:46:12","modified_gmt":"2022-12-09T10:46:12","slug":"bookonline","status":"publish","type":"page","link":"https:\/\/music-school.no\/no\/bookonline\/","title":{"rendered":"Bestill en pr\u00f8vetime"},"content":{"rendered":"<div class=\"wpb-content-wrapper\"><p>[vc_row][vc_column]<div class=\"sc_section\"><div class=\"sc_section_inner\"><h1 class=\"sc_section_title sc_item_title\">Bestill en pr\u00f8vetime<\/h1><h6 class=\"sc_section_subtitle sc_item_subtitle\">registrering for pr\u00f8vetime<\/h6><div class=\"sc_section_content_wrap\"><div class=\"columns_wrap sc_columns columns_nofluid sc_columns_count_2 margin_bottom_huge\"><div class=\"column-1_2 sc_column_item sc_column_item_1 odd first\">\n<div class=\"wpcf7 no-js\" id=\"wpcf7-f1097-o2\" lang=\"en-US\" dir=\"ltr\">\n<div class=\"screen-reader-response\"><p role=\"status\" aria-live=\"polite\" aria-atomic=\"true\"><\/p> <ul><\/ul><\/div>\n<form action=\"\/no\/wp-json\/wp\/v2\/pages\/158#wpcf7-f1097-o2\" method=\"post\" class=\"wpcf7-form init\" aria-label=\"Contact form\" novalidate=\"novalidate\" data-status=\"init\">\n<div style=\"display: none;\">\n<input type=\"hidden\" name=\"_wpcf7\" value=\"1097\" \/>\n<input type=\"hidden\" name=\"_wpcf7_version\" value=\"5.9.3\" \/>\n<input type=\"hidden\" name=\"_wpcf7_locale\" value=\"en_US\" \/>\n<input type=\"hidden\" name=\"_wpcf7_unit_tag\" value=\"wpcf7-f1097-o2\" \/>\n<input type=\"hidden\" name=\"_wpcf7_container_post\" value=\"0\" \/>\n<input type=\"hidden\" name=\"_wpcf7_posted_data_hash\" value=\"\" \/>\n<input type=\"hidden\" name=\"_wpcf7_recaptcha_response\" value=\"\" \/>\n<\/div>\n<p><span class=\"wpcf7-form-control-wrap\" data-name=\"your-fname\"><input size=\"40\" class=\"wpcf7-form-control wpcf7-text wpcf7-validates-as-required\" aria-required=\"true\" aria-invalid=\"false\" placeholder=\"Elevens fullt navn *\" value=\"\" type=\"text\" name=\"your-fname\" \/><\/span><br \/>\n<span class=\"wpcf7-form-control-wrap\" data-name=\"your-lname\"><input size=\"40\" class=\"wpcf7-form-control wpcf7-text\" aria-invalid=\"false\" placeholder=\"Foreldres fullt navn (for studenter under 18 \u00e5r)\" value=\"\" type=\"text\" name=\"your-lname\" \/><\/span><br \/>\n<span class=\"wpcf7-form-control-wrap\" data-name=\"your-age\"><input size=\"40\" class=\"wpcf7-form-control wpcf7-text wpcf7-validates-as-required\" aria-required=\"true\" aria-invalid=\"false\" placeholder=\"Elevens alder *\" value=\"\" type=\"text\" name=\"your-age\" \/><\/span><br \/>\n<span class=\"wpcf7-form-control-wrap\" data-name=\"your-address\"><input size=\"40\" class=\"wpcf7-form-control wpcf7-text wpcf7-validates-as-required\" aria-required=\"true\" aria-invalid=\"false\" placeholder=\"Addresse *\" value=\"\" type=\"text\" name=\"your-address\" \/><\/span><br \/>\n<span class=\"wpcf7-form-control-wrap\" data-name=\"phone\"><input size=\"40\" class=\"wpcf7-form-control wpcf7-tel wpcf7-validates-as-required wpcf7-text wpcf7-validates-as-tel\" aria-required=\"true\" aria-invalid=\"false\" placeholder=\"Telefon *\" value=\"\" type=\"tel\" name=\"phone\" \/><\/span><br \/>\n<span class=\"wpcf7-form-control-wrap\" data-name=\"your-email\"><input size=\"40\" class=\"wpcf7-form-control wpcf7-email wpcf7-validates-as-required wpcf7-text wpcf7-validates-as-email\" aria-required=\"true\" aria-invalid=\"false\" placeholder=\"EMAIL*\" value=\"\" type=\"email\" name=\"your-email\" \/><\/span>\n<\/p>\n<p><span class=\"wpcf7-form-control-wrap\" data-name=\"mgroup\"><select class=\"wpcf7-form-control wpcf7-select wpcf7-validates-as-required\" aria-required=\"true\" aria-invalid=\"false\" name=\"mgroup\"><option value=\"Velg instrument *\">Velg instrument *<\/option><option value=\"Piano\">Piano<\/option><option value=\"Harp\">Harp<\/option><option value=\"Barnehage Piano\">Barnehage Piano<\/option><option value=\"Gitar\">Gitar<\/option><option value=\"Fiolin\">Fiolin<\/option><option value=\"Vokal\">Vokal<\/option><option value=\"Fl\u00f8yte\">Fl\u00f8yte<\/option><option value=\"Ukulele\">Ukulele<\/option><option value=\"Obo\">Obo<\/option><option value=\"Music Theory\/ABRSM Theory\">Music Theory\/ABRSM Theory<\/option><option value=\"Klarinett eller saksofon\">Klarinett eller saksofon<\/option><\/select><\/span>\n<\/p>\n<p><span class=\"wpcf7-form-control-wrap\" data-name=\"bgroup\"><select class=\"wpcf7-form-control wpcf7-select wpcf7-validates-as-required\" aria-required=\"true\" aria-invalid=\"false\" name=\"bgroup\"><option value=\"Velg*\">Velg*<\/option><option value=\"Ansikt til ansikt timer\">Ansikt til ansikt timer<\/option><option value=\"Online timer\">Online timer<\/option><\/select><\/span>\n<\/p>\n<p><span class=\"wpcf7-form-control-wrap\" data-name=\"egroup\"><select class=\"wpcf7-form-control wpcf7-select wpcf7-validates-as-required\" aria-required=\"true\" aria-invalid=\"false\" name=\"egroup\"><option value=\"Kryss av om du er *\">Kryss av om du er *<\/option><option value=\"Nybegynner\">Nybegynner<\/option><option value=\"Mellomliggende niv\u00e5\">Mellomliggende niv\u00e5<\/option><option value=\"Avansert\">Avansert<\/option><\/select><\/span>\n<\/p>\n<p><span class=\"wpcf7-form-control-wrap\" data-name=\"agroup\"><input size=\"40\" class=\"wpcf7-form-control wpcf7-text wpcf7-validates-as-required\" aria-required=\"true\" aria-invalid=\"false\" placeholder=\"Tilgjengelighet for musikktime *\" value=\"\" type=\"text\" name=\"agroup\" \/><\/span>\n<\/p>\n<p><span class=\"wpcf7-form-control-wrap\" data-name=\"checkbox-593\"><span class=\"wpcf7-form-control wpcf7-checkbox wpcf7-exclusive-checkbox\"><span class=\"wpcf7-list-item first last\"><input type=\"checkbox\" name=\"checkbox-593\" value=\"Jeg forst\u00e5r og aksepterer alle vilk\u00e5rene i forhold\" \/><span class=\"wpcf7-list-item-label\">Jeg forst\u00e5r og aksepterer alle vilk\u00e5rene i forhold<\/span><\/span><\/span><\/span><a href=\"https:\/\/music-school.no\/wp-content\/uploads\/2019\/03\/We-will-schedule-your-trial-lesson-as-soon-as-we-have-openings.pdf\">PDF<\/a>\n<\/p>\n<p><input class=\"wpcf7-form-control wpcf7-submit has-spinner\" type=\"submit\" value=\"Send inn\" \/>\n<\/p><div class=\"wpcf7-response-output\" aria-hidden=\"true\"><\/div>\n<\/form>\n<\/div>\n<\/div><div class=\"column-1_2 sc_column_item sc_column_item_2 even\">[vc_column_text css=&#8221;.vc_custom_1628591574408{margin-top: 0.45rem !important;}&#8221;]<\/p>\n<div class=\"wpb_text_column wpb_content_element vc_custom_1509125877588\">\n<div class=\"wpb_wrapper\">\n<p>Hvis du \u00f8nsker \u00e5 komme til en pr\u00f8vetime vennligst fyll ut dette skjemaet.<\/p>\n<p>Vi kontakter deg og planlegger en pr\u00f8ve leksjon s\u00e5 snart som mulig.<\/p>\n<p>Pr\u00f8vetime&nbsp;kan gi deg en sjanse til \u00e5 m\u00f8te din veileder og bli kjent med dem og deres undervisning stiler. P\u00e5 din pr\u00f8vetime, kan du diskutere dine l\u00e6ringsm\u00e5l og lage en handlingsplan for fremtidige leksjoner.<\/p>\n<p>V\u00e6r oppmerksom p\u00e5 at pr\u00f8vetimer i babysang og gymnastikkgrupper ikke er tilgjengelige. Du kan kansellere registreringen p\u00e5 14 dager fra registreringsdagen! Registrer deg for timen, s\u00e5 kontakter vi deg tilbake hvis vi har ledige plasser.<\/p>\n<p style=\"color: #b09348;\">Pr\u00f8vetime for individuelle leksjoner (piano, gitar, ukulele, fiolin, vokal, fl\u00f8yte, obo, klarinett ,saksofon etc. er 15 minutter lang. Pr\u00f8vetime i Baby Musiker gruppe ikke lenger tilgjengelig. Varigheten av hovedl\u00e6rene (etter betaling) er 30, 45 og 60 minutter.<\/p>\n<p style=\"color: #b09348;\">Hvis du ikke kan delta pr\u00f8vetimer, vennligst gi oss beskjed om det p\u00e5 48 timer.<\/p>\n<p style=\"color: #b09348;\">Vi ber deg om \u00e5 v\u00e6re p\u00e5 forh\u00e5nd.<\/p>\n<p>Vi gleder oss til \u00e5 m\u00f8te v\u00e5re nye studenter!<\/p>\n<\/div>\n<\/div>\n<p>[\/vc_column_text][vc_column_text css=&#8221;.vc_custom_1509214903696{margin-top: 1.4rem !important;}&#8221;][\/vc_column_text][vc_column_text css=&#8221;.vc_custom_1509214912142{margin-top: 1.4rem !important;}&#8221;][\/vc_column_text]<\/div><\/div><\/div><\/div><\/div>[\/vc_column][\/vc_row]<\/p>\n<\/div>","protected":false},"excerpt":{"rendered":"<p>[vc_row][vc_column][\/vc_column][\/vc_row]<\/p>\n","protected":false},"author":1,"featured_media":0,"parent":0,"menu_order":30,"comment_status":"closed","ping_status":"closed","template":"","meta":{"footnotes":""},"_links":{"self":[{"href":"https:\/\/music-school.no\/no\/wp-json\/wp\/v2\/pages\/158"}],"collection":[{"href":"https:\/\/music-school.no\/no\/wp-json\/wp\/v2\/pages"}],"about":[{"href":"https:\/\/music-school.no\/no\/wp-json\/wp\/v2\/types\/page"}],"author":[{"embeddable":true,"href":"https:\/\/music-school.no\/no\/wp-json\/wp\/v2\/users\/1"}],"replies":[{"embeddable":true,"href":"https:\/\/music-school.no\/no\/wp-json\/wp\/v2\/comments?post=158"}],"version-history":[{"count":45,"href":"https:\/\/music-school.no\/no\/wp-json\/wp\/v2\/pages\/158\/revisions"}],"predecessor-version":[{"id":1850,"href":"https:\/\/music-school.no\/no\/wp-json\/wp\/v2\/pages\/158\/revisions\/1850"}],"wp:attachment":[{"href":"https:\/\/music-school.no\/no\/wp-json\/wp\/v2\/media?parent=158"}],"curies":[{"name":"wp","href":"https:\/\/api.w.org\/{rel}","templated":true}]}}