{"id":1133,"date":"2017-10-16T20:34:57","date_gmt":"2017-10-16T20:34:57","guid":{"rendered":"https:\/\/music-school.no\/?page_id=1133"},"modified":"2025-11-05T12:56:49","modified_gmt":"2025-11-05T12:56:49","slug":"register-class2","status":"publish","type":"page","link":"https:\/\/music-school.no\/no\/register-class2\/","title":{"rendered":"Register for a class"},"content":{"rendered":"<div class=\"wpb-content-wrapper\"><p>[vc_row][vc_column]<div class=\"sc_section nomargin \"><div class=\"sc_section_inner\"><h1 class=\"sc_section_title sc_item_title\">Registrer for en klasse<\/h1><h6 class=\"sc_section_subtitle sc_item_subtitle\">registrering<\/h6><div class=\"sc_section_content_wrap\"><div class=\"columns_wrap sc_columns columns_nofluid sc_columns_count_2 margin_bottom_huge\"><div class=\"column-1_2 sc_column_item sc_column_item_1 odd first\">\n<div class=\"wpcf7 no-js\" id=\"wpcf7-f1135-o2\" lang=\"en-US\" dir=\"ltr\">\n<div class=\"screen-reader-response\"><p role=\"status\" aria-live=\"polite\" aria-atomic=\"true\"><\/p> <ul><\/ul><\/div>\n<form action=\"\/no\/wp-json\/wp\/v2\/pages\/1133#wpcf7-f1135-o2\" method=\"post\" class=\"wpcf7-form init\" aria-label=\"Contact form\" novalidate=\"novalidate\" data-status=\"init\">\n<div style=\"display: none;\">\n<input type=\"hidden\" name=\"_wpcf7\" value=\"1135\" \/>\n<input type=\"hidden\" name=\"_wpcf7_version\" value=\"5.9.3\" \/>\n<input type=\"hidden\" name=\"_wpcf7_locale\" value=\"en_US\" \/>\n<input type=\"hidden\" name=\"_wpcf7_unit_tag\" value=\"wpcf7-f1135-o2\" \/>\n<input type=\"hidden\" name=\"_wpcf7_container_post\" value=\"0\" \/>\n<input type=\"hidden\" name=\"_wpcf7_posted_data_hash\" value=\"\" \/>\n<input type=\"hidden\" name=\"_wpcf7_recaptcha_response\" value=\"\" \/>\n<\/div>\n<p><span class=\"wpcf7-form-control-wrap\" data-name=\"your-fname\"><input size=\"40\" class=\"wpcf7-form-control wpcf7-text wpcf7-validates-as-required\" aria-required=\"true\" aria-invalid=\"false\" placeholder=\"Elevens fullt navn *\" value=\"\" type=\"text\" name=\"your-fname\" \/><\/span><br \/>\n<span class=\"wpcf7-form-control-wrap\" data-name=\"your-lname\"><input size=\"40\" class=\"wpcf7-form-control wpcf7-text\" aria-invalid=\"false\" placeholder=\"Foreldres fullt navn (for studenter under 18 \u00e5r)\" value=\"\" type=\"text\" name=\"your-lname\" \/><\/span><br \/>\n<span class=\"wpcf7-form-control-wrap\" data-name=\"your-age\"><input size=\"40\" class=\"wpcf7-form-control wpcf7-text wpcf7-validates-as-required\" aria-required=\"true\" aria-invalid=\"false\" placeholder=\"Alder*\" value=\"\" type=\"text\" name=\"your-age\" \/><\/span>\n<\/p>\n<p><span class=\"wpcf7-form-control-wrap\" data-name=\"your-address\"><input size=\"40\" class=\"wpcf7-form-control wpcf7-text wpcf7-validates-as-required\" aria-required=\"true\" aria-invalid=\"false\" placeholder=\"Adresse *\" value=\"\" type=\"text\" name=\"your-address\" \/><\/span><br \/>\n<span class=\"wpcf7-form-control-wrap\" data-name=\"your-zip\"><input size=\"40\" class=\"wpcf7-form-control wpcf7-text wpcf7-validates-as-required\" aria-required=\"true\" aria-invalid=\"false\" placeholder=\"Post kode *\" value=\"\" type=\"text\" name=\"your-zip\" \/><\/span>\n<\/p>\n<p><span class=\"wpcf7-form-control-wrap\" data-name=\"your-email\"><input size=\"40\" class=\"wpcf7-form-control wpcf7-email wpcf7-validates-as-required wpcf7-text wpcf7-validates-as-email\" aria-required=\"true\" aria-invalid=\"false\" placeholder=\"EMAIL *\" value=\"\" type=\"email\" name=\"your-email\" \/><\/span><br \/>\n<span class=\"wpcf7-form-control-wrap\" data-name=\"phone\"><input size=\"40\" class=\"wpcf7-form-control wpcf7-tel wpcf7-validates-as-required wpcf7-text wpcf7-validates-as-tel\" aria-required=\"true\" aria-invalid=\"false\" placeholder=\"Telefon *\" value=\"\" type=\"tel\" name=\"phone\" \/><\/span><br \/>\n<span class=\"wpcf7-form-control-wrap\" data-name=\"agroup\"><input size=\"40\" class=\"wpcf7-form-control wpcf7-text wpcf7-validates-as-required\" aria-required=\"true\" aria-invalid=\"false\" placeholder=\"Tilgjengelighet for musikktime *\" value=\"\" type=\"text\" name=\"agroup\" \/><\/span>\n<\/p>\n<p style=\" color: #333745;\">SELECT\n<\/p>\n<p><span class=\"wpcf7-form-control-wrap\" data-name=\"mgroup\"><span class=\"wpcf7-form-control wpcf7-checkbox wpcf7-validates-as-required wpcf7-exclusive-checkbox\"><span class=\"wpcf7-list-item first\"><input type=\"checkbox\" name=\"mgroup\" value=\"ART SUMMER CAMP\" \/><span class=\"wpcf7-list-item-label\">ART SUMMER CAMP<\/span><\/span><span class=\"wpcf7-list-item\"><input type=\"checkbox\" name=\"mgroup\" value=\"Piano\" \/><span class=\"wpcf7-list-item-label\">Piano<\/span><\/span><span class=\"wpcf7-list-item\"><input type=\"checkbox\" name=\"mgroup\" value=\"Barnehage Piano\" \/><span class=\"wpcf7-list-item-label\">Barnehage Piano<\/span><\/span><span class=\"wpcf7-list-item\"><input type=\"checkbox\" name=\"mgroup\" value=\"Gitar\" \/><span class=\"wpcf7-list-item-label\">Gitar<\/span><\/span><span class=\"wpcf7-list-item\"><input type=\"checkbox\" name=\"mgroup\" value=\"Fiolin\" \/><span class=\"wpcf7-list-item-label\">Fiolin<\/span><\/span><span class=\"wpcf7-list-item\"><input type=\"checkbox\" name=\"mgroup\" value=\"Vokal\" \/><span class=\"wpcf7-list-item-label\">Vokal<\/span><\/span><span class=\"wpcf7-list-item\"><input type=\"checkbox\" name=\"mgroup\" value=\"Fl\u00f8yte\" \/><span class=\"wpcf7-list-item-label\">Fl\u00f8yte<\/span><\/span><span class=\"wpcf7-list-item\"><input type=\"checkbox\" name=\"mgroup\" value=\"Ukulele\" \/><span class=\"wpcf7-list-item-label\">Ukulele<\/span><\/span><span class=\"wpcf7-list-item\"><input type=\"checkbox\" name=\"mgroup\" value=\"Obo\" \/><span class=\"wpcf7-list-item-label\">Obo<\/span><\/span><span class=\"wpcf7-list-item\"><input type=\"checkbox\" name=\"mgroup\" value=\"Music Theory\/ABRSM Theory\" \/><span class=\"wpcf7-list-item-label\">Music Theory\/ABRSM Theory<\/span><\/span><span class=\"wpcf7-list-item\"><input type=\"checkbox\" name=\"mgroup\" value=\"Klarinett eller saksofon\" \/><span class=\"wpcf7-list-item-label\">Klarinett eller saksofon<\/span><\/span><span class=\"wpcf7-list-item\"><input type=\"checkbox\" name=\"mgroup\" value=\"Baby Singing: English speaking group for kids 3-5 years old (Tirsdager kl.13.00)\" \/><span class=\"wpcf7-list-item-label\">Baby Singing: English speaking group for kids 3-5 years old (Tirsdager kl.13.00)<\/span><\/span><span class=\"wpcf7-list-item\"><input type=\"checkbox\" name=\"mgroup\" value=\"Baby Singing: Russian speaking group for kids 3-5 years old (S\u00f8ndager kl.10.40)\" \/><span class=\"wpcf7-list-item-label\">Baby Singing: Russian speaking group for kids 3-5 years old (S\u00f8ndager kl.10.40)<\/span><\/span><span class=\"wpcf7-list-item\"><input type=\"checkbox\" name=\"mgroup\" value=\"Musical Theatre: Russian speaking group for kids 4+ years old (S\u00f8ndager tid 11.30)\" \/><span class=\"wpcf7-list-item-label\">Musical Theatre: Russian speaking group for kids 4+ years old (S\u00f8ndager tid 11.30)<\/span><\/span><span class=\"wpcf7-list-item last\"><input type=\"checkbox\" name=\"mgroup\" value=\"Musical: Russian speaking group for school-age and teenagers (S\u00f8ndager kl. 12.40)\" \/><span class=\"wpcf7-list-item-label\">Musical: Russian speaking group for school-age and teenagers (S\u00f8ndager kl. 12.40)<\/span><\/span><\/span><\/span>\n<\/p>\n<p style=\" color: #333745;\">PAYMENT\n<\/p>\n<p><span class=\"wpcf7-form-control-wrap\" data-name=\"egroup\"><span class=\"wpcf7-form-control wpcf7-checkbox wpcf7-validates-as-required wpcf7-exclusive-checkbox\"><span class=\"wpcf7-list-item first\"><input type=\"checkbox\" name=\"egroup\" value=\"Baby Singing classes (40 minutes per week) per semester 2640 NOK+39 NOK per invoice\" \/><span class=\"wpcf7-list-item-label\">Baby Singing classes (40 minutes per week) per semester 2640 NOK+39 NOK per invoice<\/span><\/span><span class=\"wpcf7-list-item\"><input type=\"checkbox\" name=\"egroup\" value=\"Music Theatre (1hour per week) per semester 3440 NOK+39 NOK per invoice\" \/><span class=\"wpcf7-list-item-label\">Music Theatre (1hour per week) per semester 3440 NOK+39 NOK per invoice<\/span><\/span><span class=\"wpcf7-list-item\"><input type=\"checkbox\" name=\"egroup\" value=\"Musical (1hour per week) per semester 3440 NOK+39 NOK per invoice\" \/><span class=\"wpcf7-list-item-label\">Musical (1hour per week) per semester 3440 NOK+39 NOK per invoice<\/span><\/span><span class=\"wpcf7-list-item\"><input type=\"checkbox\" name=\"egroup\" value=\"Piano\/Gitar\/Fiolin\/Vokal\/Fl\u00f8yte\/Ukulele\/Obo\/Klarinett\/Saksofon 1 gang per uke (30 minutter) per semester 5950 NOK+39 NOK per invoice\" \/><span class=\"wpcf7-list-item-label\">Piano\/Gitar\/Fiolin\/Vokal\/Fl\u00f8yte\/Ukulele\/Obo\/Klarinett\/Saksofon 1 gang per uke (30 minutter) per semester 5950 NOK+39 NOK per invoice<\/span><\/span><span class=\"wpcf7-list-item\"><input type=\"checkbox\" name=\"egroup\" value=\"Piano\/Gitar\/Fiolin\/Vokal\/Fl\u00f8yte\/Ukulele\/Obo\/Klarinett\/Saksofon 1 lesson per uke (45 minutter) per semester 8160 NOK+39 NOK per invoice\" \/><span class=\"wpcf7-list-item-label\">Piano\/Gitar\/Fiolin\/Vokal\/Fl\u00f8yte\/Ukulele\/Obo\/Klarinett\/Saksofon 1 lesson per uke (45 minutter) per semester 8160 NOK+39 NOK per invoice<\/span><\/span><span class=\"wpcf7-list-item\"><input type=\"checkbox\" name=\"egroup\" value=\"NYHET!Barnehage Piano\/Gitar\/Fiolin\/Vokal\/Fl\u00f8yte\/Ukulele\/Obo\/Klarinett\/Saksofon 1 lesson per uke (20 minutter) per semester 3400 NOK+39 NOK per invoice\" \/><span class=\"wpcf7-list-item-label\">NYHET!Barnehage Piano\/Gitar\/Fiolin\/Vokal\/Fl\u00f8yte\/Ukulele\/Obo\/Klarinett\/Saksofon 1 lesson per uke (20 minutter) per semester 3400 NOK+39 NOK per invoice<\/span><\/span><span class=\"wpcf7-list-item\"><input type=\"checkbox\" name=\"egroup\" value=\"Piano\/Gitar\/Violin\/Vocal\/Fl\u00f8yte\/Ukulele\/Obo\/Klarinett\/Saksofonv 2 ganger per uke (2x30 minutter) per semester 10540 NOK+39 NOK per invoice\" \/><span class=\"wpcf7-list-item-label\">Piano\/Gitar\/Violin\/Vocal\/Fl\u00f8yte\/Ukulele\/Obo\/Klarinett\/Saksofonv 2 ganger per uke (2x30 minutter) per semester 10540 NOK+39 NOK per invoice<\/span><\/span><span class=\"wpcf7-list-item\"><input type=\"checkbox\" name=\"egroup\" value=\"Drop-in Piano\/Gitar\/Violin\/Vocal\/Fl\u00f8yte\/Ukulele\/Obo\/Klarinett\/Saksofon  (30 minutter) 490 NOK+39 NOK per invoice\" \/><span class=\"wpcf7-list-item-label\">Drop-in Piano\/Gitar\/Violin\/Vocal\/Fl\u00f8yte\/Ukulele\/Obo\/Klarinett\/Saksofon  (30 minutter) 490 NOK+39 NOK per invoice<\/span><\/span><span class=\"wpcf7-list-item\"><input type=\"checkbox\" name=\"egroup\" value=\"Drop-in Piano\/Gitar\/Violin\/Vocal\/Fl\u00f8yte\/Ukulele\/Obo\/Klarinett\/Saksofon  (45 minutter) 665 NOK+39 NOK per invoice\" \/><span class=\"wpcf7-list-item-label\">Drop-in Piano\/Gitar\/Violin\/Vocal\/Fl\u00f8yte\/Ukulele\/Obo\/Klarinett\/Saksofon  (45 minutter) 665 NOK+39 NOK per invoice<\/span><\/span><span class=\"wpcf7-list-item\"><input type=\"checkbox\" name=\"egroup\" value=\"Summer lessons - 30 minutes individual music lesson 340 NOK\" \/><span class=\"wpcf7-list-item-label\">Summer lessons - 30 minutes individual music lesson 340 NOK<\/span><\/span><span class=\"wpcf7-list-item\"><input type=\"checkbox\" name=\"egroup\" value=\"Summer lessons - 45 minutes individual music lesson 470 NOK\" \/><span class=\"wpcf7-list-item-label\">Summer lessons - 45 minutes individual music lesson 470 NOK<\/span><\/span><span class=\"wpcf7-list-item\"><input type=\"checkbox\" name=\"egroup\" value=\"Summer lessons - 60 minutes individual music lessons 610 NOK\" \/><span class=\"wpcf7-list-item-label\">Summer lessons - 60 minutes individual music lessons 610 NOK<\/span><\/span><span class=\"wpcf7-list-item\"><input type=\"checkbox\" name=\"egroup\" value=\"4 weeks of attendance (one day per week) cost 2250 NOK\" \/><span class=\"wpcf7-list-item-label\">4 weeks of attendance (one day per week) cost 2250 NOK<\/span><\/span><span class=\"wpcf7-list-item last\"><input type=\"checkbox\" name=\"egroup\" value=\"6 weeks of attendance (one day per week) cost 2990 NOK\" \/><span class=\"wpcf7-list-item-label\">6 weeks of attendance (one day per week) cost 2990 NOK<\/span><\/span><\/span><\/span>\n<\/p>\n<p style=\" color: #333745;\">LANGUAGE\n<\/p>\n<p><span class=\"wpcf7-form-control-wrap\" data-name=\"lgroup\"><span class=\"wpcf7-form-control wpcf7-checkbox wpcf7-validates-as-required wpcf7-exclusive-checkbox\"><span class=\"wpcf7-list-item first\"><input type=\"checkbox\" name=\"lgroup\" value=\"Engelsk\" \/><span class=\"wpcf7-list-item-label\">Engelsk<\/span><\/span><span class=\"wpcf7-list-item\"><input type=\"checkbox\" name=\"lgroup\" value=\"Norsk\" \/><span class=\"wpcf7-list-item-label\">Norsk<\/span><\/span><span class=\"wpcf7-list-item\"><input type=\"checkbox\" name=\"lgroup\" value=\"Russisk\" \/><span class=\"wpcf7-list-item-label\">Russisk<\/span><\/span><span class=\"wpcf7-list-item last\"><input type=\"checkbox\" name=\"lgroup\" value=\"Ukrainsk\" \/><span class=\"wpcf7-list-item-label\">Ukrainsk<\/span><\/span><\/span><\/span>\n<\/p>\n<p style=\" color: #333745;\">PAYMENT TYPE\n<\/p>\n<p><span class=\"wpcf7-form-control-wrap\" data-name=\"pgroup\"><span class=\"wpcf7-form-control wpcf7-checkbox wpcf7-validates-as-required wpcf7-exclusive-checkbox\"><span class=\"wpcf7-list-item first\"><input type=\"checkbox\" name=\"pgroup\" value=\"Med posten (39 NOK)\" \/><span class=\"wpcf7-list-item-label\">Med posten (39 NOK)<\/span><\/span><span class=\"wpcf7-list-item last\"><input type=\"checkbox\" name=\"pgroup\" value=\"Via epost (gratis)\" \/><span class=\"wpcf7-list-item-label\">Via epost (gratis)<\/span><\/span><\/span><\/span>\n<\/p>\n<p><span class=\"wpcf7-form-control-wrap\" data-name=\"checkbox-593\"><span class=\"wpcf7-form-control wpcf7-checkbox wpcf7-validates-as-required wpcf7-exclusive-checkbox\"><span class=\"wpcf7-list-item first last\"><input type=\"checkbox\" name=\"checkbox-593\" value=\"Jeg forst\u00e5r og aksepterer alle vilk\u00e5rene i forhold\" \/><span class=\"wpcf7-list-item-label\">Jeg forst\u00e5r og aksepterer alle vilk\u00e5rene i forhold<\/span><\/span><\/span><\/span><a href=\"https:\/\/music-school.no\/wp-content\/uploads\/2025\/11\/REGISTRATION-AND-TERMS-OF-AGREEMENT.pdf\" target=\"_blank\" rel=\"noopener\"> Open \/ \u00c5pne PDF<\/a>\n<\/p>\n<p><input class=\"wpcf7-form-control wpcf7-submit has-spinner\" type=\"submit\" value=\"SEND INN\" \/>\n<\/p><div class=\"wpcf7-response-output\" aria-hidden=\"true\"><\/div>\n<\/form>\n<\/div>\n<\/div><div class=\"column-1_2 sc_column_item sc_column_item_2 even\">[vc_column_text css=&#8221;.vc_custom_1762347360218{margin-top: 0.45rem !important;}&#8221;]Hvis du \u00f8nsker \u00e5 starte musikkutdanning med oss, kan du fylle ut et registreringsskjema.<br \/>\nHvis du er en absolutt ny student og \u00f8nsker \u00e5 ta en pr\u00f8ve leksjon, vennligst fyll ut en pr\u00f8ve leksjon skjema.[\/vc_column_text][vc_column_text css=&#8221;.vc_custom_1509215056133{margin-top: 1.4rem !important;}&#8221;][\/vc_column_text][vc_column_text css=&#8221;.vc_custom_1509215063248{margin-top: 1.4rem !important;}&#8221;][\/vc_column_text]<\/div><\/div><\/div><\/div><\/div>[\/vc_column][\/vc_row]<\/p>\n<\/div>","protected":false},"excerpt":{"rendered":"<p>[vc_row][vc_column][\/vc_column][\/vc_row]<\/p>\n","protected":false},"author":1,"featured_media":0,"parent":0,"menu_order":2,"comment_status":"closed","ping_status":"closed","template":"","meta":{"footnotes":""},"_links":{"self":[{"href":"https:\/\/music-school.no\/no\/wp-json\/wp\/v2\/pages\/1133"}],"collection":[{"href":"https:\/\/music-school.no\/no\/wp-json\/wp\/v2\/pages"}],"about":[{"href":"https:\/\/music-school.no\/no\/wp-json\/wp\/v2\/types\/page"}],"author":[{"embeddable":true,"href":"https:\/\/music-school.no\/no\/wp-json\/wp\/v2\/users\/1"}],"replies":[{"embeddable":true,"href":"https:\/\/music-school.no\/no\/wp-json\/wp\/v2\/comments?post=1133"}],"version-history":[{"count":36,"href":"https:\/\/music-school.no\/no\/wp-json\/wp\/v2\/pages\/1133\/revisions"}],"predecessor-version":[{"id":2070,"href":"https:\/\/music-school.no\/no\/wp-json\/wp\/v2\/pages\/1133\/revisions\/2070"}],"wp:attachment":[{"href":"https:\/\/music-school.no\/no\/wp-json\/wp\/v2\/media?parent=1133"}],"curies":[{"name":"wp","href":"https:\/\/api.w.org\/{rel}","templated":true}]}}